{"id":34,"date":"2022-04-13T09:51:35","date_gmt":"2022-04-13T09:51:35","guid":{"rendered":"http:\/\/zvavore.edu.al\/?page_id=34"},"modified":"2025-09-07T20:21:37","modified_gmt":"2025-09-07T20:21:37","slug":"njoftime","status":"publish","type":"page","link":"http:\/\/zvavore.edu.al\/index.php\/njoftime\/","title":{"rendered":"NJOFTIME"},"content":{"rendered":"\r\n<p>Zyra Vendore Arsimore Vor\u00eb njofton t\u00eb gjith\u00eb personat q\u00eb zot\u00ebrojn\u00eb diplom\u00eb n\u00eb fush\u00ebn e m\u00ebsuesis\u00eb dhe q\u00eb nuk jan\u00eb pjes\u00eb e Portalit \u201cM\u00ebsues p\u00ebr Shqip\u00ebrin\u00eb\u201d, por q\u00eb kan\u00eb deshir\u00eb t\u00eb punojn\u00eb si m\u00ebsues me kontrat\u00eb me afat t\u00eb caktuar n\u00eb shkollat n\u00ebn juridiksionin e ZVAP\u00a0 Vor\u00eb q\u00eb:<br \/>\u00a0T\u00eb dor\u00ebzojn\u00eb dosjen personale n\u00eb Sekretarin\u00eb e ZVA Vor\u00eb, e cila gjendet n\u00eb adres\u00ebn rruga &#8220;Mema&#8221;, Vor\u00eb . Dosja duhet t\u00eb p\u00ebrmbaj\u00eb dokumentacionin e m\u00ebposht\u00ebm:<br \/>\u00a01.K\u00ebrkes\u00ebn me shkrim;<br \/>2. CV (ku te jene te shenuar adrese emaili funksionale dhe numer telefoni);<br \/>\u00a03. Fotokopje t\u00eb noterizuar t\u00eb diplomave me list\u00eb notash;<br \/>4.Dokument per njohjen e gjuh\u00ebve t\u00eb huaja (n\u00ebse ka);<br \/>5.Librez\u00eb pune;\u00a0 \u00a0 \u00a0 \u00a0 \u00a0 \u00a0 \u00a0 \u00a0 \u00a0 \u00a0 \u00a0 \u00a0 \u00a0 \u00a0 \u00a0 \u00a0 \u00a0 \u00a0 \u00a0 \u00a0 \u00a06. Certifikata kualifikimi (n\u00ebse ka);<br \/>7. Certifikata trajnimesh (n\u00ebse ka).<br \/>\u00a0_______________________________________<\/p>\r\n<p>Agjencia Komb\u00ebtare e Arsimit Parauniversitar shpall list\u00ebn p\u00ebrfundimtare mbi vler\u00ebsimin e dosjeve t\u00eb kandidat\u00ebve t\u00eb kualifikuar p\u00ebr pozicionin e oficerit t\u00eb siguris\u00eb n\u00eb institucionet arsimore parauniversitare publike, si vijon:\u00a0<\/p>\r\n<p><a href=\"http:\/\/zvavore.edu.al\/wp-content\/uploads\/2025\/07\/FITUES-Oficere-Sigurie-2025-Lista-perfundimtare-1-1.pdf\">FITUES-Oficer\u00eb-Sigurie-2025-Lista-p\u00ebrfundimtare-1<\/a><\/p>\r\n<p>&nbsp;<\/p>\r\n<p>Intervista e strukturuar do t\u00eb zhvillohet n\u00eb ambientet e Agjencis\u00eb Komb\u00ebtare t\u00eb Arsimit Parauniversitar; Adresa: Rruga \u201cAleksand\u00ebr Moisiu\u201d, (P\u00ebrball\u00eb IKV), Tiran\u00eb , nga data 14.07.2025 deri m\u00eb 22.07.2025 sipas grafikut t\u00eb m\u00ebsip\u00ebrm duke filluar nga ora 10:00.<\/p>\r\n<p>&nbsp;<\/p>\r\n<p><img loading=\"lazy\" decoding=\"async\" class=\"alignnone size-medium wp-image-419\" src=\"http:\/\/zvavore.edu.al\/wp-content\/uploads\/2023\/01\/FB_IMG_1674068897261-227x300.jpg\" alt=\"\" width=\"227\" height=\"300\" srcset=\"http:\/\/zvavore.edu.al\/wp-content\/uploads\/2023\/01\/FB_IMG_1674068897261-227x300.jpg 227w, http:\/\/zvavore.edu.al\/wp-content\/uploads\/2023\/01\/FB_IMG_1674068897261.jpg 544w\" sizes=\"auto, (max-width: 227px) 100vw, 227px\" \/><\/p>\r\n<p>&nbsp;<\/p>\r\n<p><a href=\"http:\/\/zvavore.edu.al\/wp-content\/uploads\/2022\/08\/Shpallje-3-per-vend-te-lire-per-drejtor-IPAP-Vore-dhe-Gjokaj.pdf\">Shpallje 3 per vend te lire per drejtor IPAP Vore dhe Gjokaj<\/a>\u00a0<\/p>\r\n<p>&nbsp;<\/p>\r\n<p>&nbsp;<\/p>\r\n<p>&nbsp;<\/p>\r\n","protected":false},"excerpt":{"rendered":"<p>Zyra Vendore Arsimore Vor\u00eb njofton t\u00eb gjith\u00eb personat q\u00eb zot\u00ebrojn\u00eb diplom\u00eb n\u00eb fush\u00ebn e m\u00ebsuesis\u00eb dhe q\u00eb nuk jan\u00eb pjes\u00eb e Portalit \u201cM\u00ebsues p\u00ebr Shqip\u00ebrin\u00eb\u201d, por q\u00eb kan\u00eb deshir\u00eb t\u00eb punojn\u00eb si m\u00ebsues me kontrat\u00eb me afat t\u00eb caktuar n\u00eb shkollat n\u00ebn juridiksionin e ZVAP\u00a0 Vor\u00eb q\u00eb:\u00a0T\u00eb dor\u00ebzojn\u00eb dosjen personale n\u00eb Sekretarin\u00eb e ZVA Vor\u00eb, &hellip;<\/p>\n<p class=\"read-more\"> <a class=\"\" href=\"http:\/\/zvavore.edu.al\/index.php\/njoftime\/\"> <span class=\"screen-reader-text\">NJOFTIME<\/span> Read More &raquo;<\/a><\/p>\n","protected":false},"author":1,"featured_media":0,"parent":0,"menu_order":0,"comment_status":"closed","ping_status":"closed","template":"","meta":{"site-sidebar-layout":"right-sidebar","site-content-layout":"content-boxed-container","ast-main-header-display":"","ast-hfb-above-header-display":"","ast-hfb-below-header-display":"","ast-hfb-mobile-header-display":"","site-post-title":"disabled","ast-breadcrumbs-content":"","ast-featured-img":"disabled","footer-sml-layout":"","theme-transparent-header-meta":"default","adv-header-id-meta":"","stick-header-meta":"","header-above-stick-meta":"","header-main-stick-meta":"","header-below-stick-meta":"","footnotes":""},"class_list":["post-34","page","type-page","status-publish","hentry"],"_links":{"self":[{"href":"http:\/\/zvavore.edu.al\/index.php\/wp-json\/wp\/v2\/pages\/34","targetHints":{"allow":["GET"]}}],"collection":[{"href":"http:\/\/zvavore.edu.al\/index.php\/wp-json\/wp\/v2\/pages"}],"about":[{"href":"http:\/\/zvavore.edu.al\/index.php\/wp-json\/wp\/v2\/types\/page"}],"author":[{"embeddable":true,"href":"http:\/\/zvavore.edu.al\/index.php\/wp-json\/wp\/v2\/users\/1"}],"replies":[{"embeddable":true,"href":"http:\/\/zvavore.edu.al\/index.php\/wp-json\/wp\/v2\/comments?post=34"}],"version-history":[{"count":14,"href":"http:\/\/zvavore.edu.al\/index.php\/wp-json\/wp\/v2\/pages\/34\/revisions"}],"predecessor-version":[{"id":855,"href":"http:\/\/zvavore.edu.al\/index.php\/wp-json\/wp\/v2\/pages\/34\/revisions\/855"}],"wp:attachment":[{"href":"http:\/\/zvavore.edu.al\/index.php\/wp-json\/wp\/v2\/media?parent=34"}],"curies":[{"name":"wp","href":"https:\/\/api.w.org\/{rel}","templated":true}]}}