{"id":7,"date":"2022-04-12T14:04:17","date_gmt":"2022-04-12T14:04:17","guid":{"rendered":"http:\/\/zvavore.edu.al\/?page_id=7"},"modified":"2022-05-25T10:48:35","modified_gmt":"2022-05-25T10:48:35","slug":"kreu","status":"publish","type":"page","link":"https:\/\/zvavore.edu.al\/","title":{"rendered":"Koordinator i rrjetit Anti-korrupsion"},"content":{"rendered":"\n\n\t\n\t<p><b>MIRESEVINI NE FAQEN E ZYRES VENDORE ARSIMORE TE QYTETIT VORE\u00a0 &#8220;ZVA-VORE&#8221;<\/b><\/p>\n<h1>Falenderojme drejtuesit e\u00a0<em>ZVA Vore<\/em>, perfaqesuesit e pushtetit vendor dhe qendror, prinderit dhe Bordin e shkolles, per pjesemarrjen ne organizimin.<\/h1>\n\t\t\t\t<img decoding=\"async\" src=\"http:\/\/zvavore.edu.al\/wp-content\/uploads\/2022\/04\/ZVA-VORE.jpg\" alt=\"ZVA VORE\" itemprop=\"image\" title=\"ZVA VORE\" onerror=\"this.style.display='none'\"  \/>\n\t<h3><strong>8 Prill, Dita Nderkombetare e Romeve. &#8220;\u00c7do femije rom ne shkolle &#8220;. Te integrojme femijet rom\u00eb ne shkolla, te reduktojme braktisjen e shkolles, tu sigurojme <\/strong><\/h3>\n<h3><strong>P\u00ebr m\u00eb shum\u00eb lexoni\u00a0k\u00ebtu<\/strong><\/h3>\n<h6><a href=\"https:\/\/mesuespershqiperine.al\/\">MesuesitPerShqiperine.AL<\/a><\/h6>\n<p><img loading=\"lazy\" decoding=\"async\" src=\"http:\/\/zvavore.edu.al\/wp-content\/uploads\/2022\/04\/mesuespershqiperine.png\" alt=\"\" width=\"180\" height=\"120\" \/><\/p>\n<h4><a><strong>PROGRAMI<br \/>I<br \/>TRANSPARENCES<\/strong><\/a><\/h4>\n<h4>PUBLIKIMET E FUNDIT<\/h4>\n<div class=\"pt-cv-wrapper\"><div class=\"pt-cv-view pt-cv-grid pt-cv-colsys\" id=\"pt-cv-view-abe97e2aw4\"><div data-id=\"pt-cv-page-1\" class=\"pt-cv-page\" data-cvc=\"1\"><div class=\"col-md-12 col-sm-12 col-xs-12 pt-cv-content-item pt-cv-1-col\" ><div class='pt-cv-ifield'><h4 class=\"pt-cv-title\"><a href=\"https:\/\/zvavore.edu.al\/index.php\/2026\/04\/30\/njoftim-per-procedura-konkurimi-per-pozicionin-mesues\/\" class=\"_blank\" target=\"_blank\" >Njoftim p\u00ebr procedura konkurimi p\u00ebr pozicionin m\u00ebsues<\/a><\/h4><\/div><\/div>\n<div class=\"col-md-12 col-sm-12 col-xs-12 pt-cv-content-item pt-cv-1-col\" ><div class='pt-cv-ifield'><h4 class=\"pt-cv-title\"><a href=\"https:\/\/zvavore.edu.al\/index.php\/2026\/04\/01\/njoftim-per-zhvillimin-e-provimit-te-shtetit-dhe-testimin-e-informatizuar-te-mesuesit-per-kandidatet-e-suksseshem-ne-provimin-e-shtetit-te-cilet-duam-te-punesohen-ne-institucionet-arsimore-publike\/\" class=\"_blank\" target=\"_blank\" >Njoftim p\u00ebr zhvillimin e provimit t\u00eb shtetit dhe testimin e informatizuar t\u00eb  m\u00ebsuesit, p\u00ebr kandidat\u00ebt e sukssesh\u00ebm n\u00eb provimin e shtetit, t\u00eb cil\u00ebt duam t\u00eb pun\u00ebsohen n\u00eb institucionet arsimore publike t\u00eb arsimit parauniversitar 2026<\/a><\/h4><\/div><\/div>\n<div class=\"col-md-12 col-sm-12 col-xs-12 pt-cv-content-item pt-cv-1-col\" ><div class='pt-cv-ifield'><h4 class=\"pt-cv-title\"><a href=\"https:\/\/zvavore.edu.al\/index.php\/2026\/03\/06\/praktika-profesionale-periudha-e-trete\/\" class=\"_blank\" target=\"_blank\" >Praktika profesionale-Periudha e tret\u00eb<\/a><\/h4><\/div><\/div>\n<div class=\"col-md-12 col-sm-12 col-xs-12 pt-cv-content-item pt-cv-1-col\" ><div class='pt-cv-ifield'><h4 class=\"pt-cv-title\"><a href=\"https:\/\/zvavore.edu.al\/index.php\/2026\/01\/27\/renditja-e-kandidateve-jashte-portalit-mesues-per-shqiperine\/\" class=\"_blank\" target=\"_blank\" >Renditja e kandidat\u00ebve jashte portalit &#8220;M\u00ebsues p\u00ebr Shqip\u00ebrin\u00eb&#8221;<\/a><\/h4><\/div><\/div>\n<div class=\"col-md-12 col-sm-12 col-xs-12 pt-cv-content-item pt-cv-1-col\" ><div class='pt-cv-ifield'><h4 class=\"pt-cv-title\"><a href=\"https:\/\/zvavore.edu.al\/index.php\/2025\/11\/05\/renditja-e-mesuesve-jashte-portalit-mesues-per-shqiperine-profili-arsim-fillor\/\" class=\"_blank\" target=\"_blank\" >Renditja e m\u00ebsuesve jasht\u00eb portalit &#8220;M\u00ebsues p\u00ebr Shqip\u00ebrin\u00eb&#8221;, profili Arsim Fillor<\/a><\/h4><\/div><\/div>\n<div class=\"col-md-12 col-sm-12 col-xs-12 pt-cv-content-item pt-cv-1-col\" ><div class='pt-cv-ifield'><h4 class=\"pt-cv-title\"><a href=\"https:\/\/zvavore.edu.al\/index.php\/2025\/10\/20\/shpallja-e-listes-perfundimtare-per-koordinator-karrieresipas-renditjes-per-secilin-kandidat\/\" class=\"_blank\" target=\"_blank\" >Shpallja e listes perfundimtare per Koordinator Karriere,sipas renditjes per secilin kandidat.<\/a><\/h4><\/div><\/div>\n<div class=\"col-md-12 col-sm-12 col-xs-12 pt-cv-content-item pt-cv-1-col\" ><div class='pt-cv-ifield'><h4 class=\"pt-cv-title\"><a href=\"https:\/\/zvavore.edu.al\/index.php\/2025\/10\/14\/vleresimi-i-dosjeve-dhe-shpallja-e-listes-paraprake-per-pozicionin-koordinator-karriere\/\" class=\"_blank\" target=\"_blank\" >Vleresimi i dosjeve dhe shpallja e listes paraprake per pozicionin Koordinator Karriere<\/a><\/h4><\/div><\/div>\n<div class=\"col-md-12 col-sm-12 col-xs-12 pt-cv-content-item pt-cv-1-col\" ><div class='pt-cv-ifield'><h4 class=\"pt-cv-title\"><a href=\"https:\/\/zvavore.edu.al\/index.php\/2025\/10\/08\/renditja-e-shkollave-9-vjecare-sipas-kartes-se-performances-per-vitin-shkollor-2024-2025\/\" class=\"_blank\" target=\"_blank\" >Renditja e shkollave 9-vje\u00e7are, sipas Kart\u00ebs s\u00eb Performanc\u00ebs p\u00ebr vitin shkollor 2024-2025<\/a><\/h4><\/div><\/div>\n<div class=\"col-md-12 col-sm-12 col-xs-12 pt-cv-content-item pt-cv-1-col\" ><div class='pt-cv-ifield'><h4 class=\"pt-cv-title\"><a href=\"https:\/\/zvavore.edu.al\/index.php\/2025\/10\/08\/871\/\" class=\"_blank\" target=\"_blank\" >Renditja e shkollave t\u00eb mesme, sipas Kart\u00ebs s\u00eb Performanc\u00ebs p\u00ebr vitin shkollor 2024-2025<\/a><\/h4><\/div><\/div>\n<div class=\"col-md-12 col-sm-12 col-xs-12 pt-cv-content-item pt-cv-1-col\" ><div class='pt-cv-ifield'><h4 class=\"pt-cv-title\"><a href=\"https:\/\/zvavore.edu.al\/index.php\/2025\/10\/06\/njoftim-per-shpallje-te-procedurat-per-koordinator-te-keshillimit-te-karrieres\/\" class=\"_blank\" target=\"_blank\" >Njoftim p\u00ebr shpallje t\u00eb procedurave p\u00ebr Koordinator t\u00eb K\u00ebshillimit t\u00eb Karrier\u00ebs<\/a><\/h4><\/div><\/div><\/div><\/div><\/div>\n<h4>PRIORITETE ZVA VORE<\/h4>\n<div class=\"pt-cv-wrapper\"><div class=\"pt-cv-view pt-cv-grid pt-cv-colsys\" id=\"pt-cv-view-e8fa830q8a\"><div data-id=\"pt-cv-page-1\" class=\"pt-cv-page\" data-cvc=\"1\"><div class=\"col-md-12 col-sm-12 col-xs-12 pt-cv-content-item pt-cv-1-col\" ><div class='pt-cv-ifield'><h4 class=\"pt-cv-title\"><a href=\"https:\/\/zvavore.edu.al\/index.php\/2023\/08\/29\/vendimi-nr-2-per-rezultatet-dhe-renditjen-e-kandidateve-te-levizjeve-paralele-te-detyrueshme-me-deshire-zvap-vore-date-28-08-2023\/\" class=\"_blank\" target=\"_blank\" >Vendimi nr 2, per rezultatet dhe renditjen e kandidateve te levizjeve paralele te detyrueshme me deshire, ZVAP VORE, date 28.08.2023<\/a><\/h4><\/div><\/div>\n<div class=\"col-md-12 col-sm-12 col-xs-12 pt-cv-content-item pt-cv-1-col\" ><div class='pt-cv-ifield'><h4 class=\"pt-cv-title\"><a href=\"https:\/\/zvavore.edu.al\/index.php\/2022\/04\/13\/publikimi-4\/\" class=\"_blank\" target=\"_blank\" >Publikimi 4<\/a><\/h4><\/div><\/div>\n<div class=\"col-md-12 col-sm-12 col-xs-12 pt-cv-content-item pt-cv-1-col\" ><div class='pt-cv-ifield'><h4 class=\"pt-cv-title\"><a href=\"https:\/\/zvavore.edu.al\/index.php\/2022\/04\/13\/publikimi-5\/\" class=\"_blank\" target=\"_blank\" >Publikimi 5<\/a><\/h4><\/div><\/div><\/div><\/div><\/div>\n\t\t\t\t<img decoding=\"async\" src=\"http:\/\/zvavore.edu.al\/wp-content\/uploads\/2022\/04\/Shqiperia_Jo_Duhani_Logo.jpg\" alt=\"Shqiperia_Jo_Duhani_Logo\" itemprop=\"image\" title=\"Shqiperia_Jo_Duhani_Logo\" onerror=\"this.style.display='none'\"  \/>\n\t<h4><b><strong>Eja t&#8217;i themi s\u00eb bashku NDAL duhanit!\u00a0<\/strong><\/b><\/h4>\n<h1><b><strong>#Shqip\u00ebriaPaDuhan<\/strong><\/b><\/h1>\n<p>Nisma m\u00eb e re e Ministris\u00eb s\u00eb Sh\u00ebndet\u00ebsis\u00eb \u00ebsht\u00eb &#8220;<strong>Shqip\u00ebria JO Duhanit<\/strong>&#8220;, e cila ka si synim reduktimin e nivelit t\u00eb duhanpirjes n\u00eb vend n\u00ebp\u00ebrmjet masave dhe nismave administrative t\u00eb agjencive shtet\u00ebrore ligjzbatuese dhe p\u00ebrfshirjes sa m\u00eb t\u00eb gjer\u00eb t\u00eb shoq\u00ebris\u00eb civile.<\/p>\n<p>B\u00ebhu edhe ti pjes\u00eb e k\u00ebsaj nisme, p\u00ebr nje brez t\u00eb ri t\u00eb sh\u00ebnd\u00ebtsh\u00ebm n\u00eb nj\u00eb Shqip\u00ebri t\u00eb sh\u00ebndetshme.<\/p>\n<p>P\u00ebr m\u00eb tep\u00ebr informacion, mund t\u00eb klikoni mbi link-un e m\u00ebposht\u00ebm:\u00a0<a href=\"http:\/\/shqiperiajoduhanit.al\/\">http:\/\/shqiperiajoduhanit.al<\/a>\/.<\/p>\n\n","protected":false},"excerpt":{"rendered":"<p>MIRESEVINI NE FAQEN E ZYRES VENDORE ARSIMORE TE QYTETIT VORE\u00a0 &#8220;ZVA-VORE&#8221; Falenderojme drejtuesit e\u00a0ZVA Vore, perfaqesuesit e pushtetit vendor dhe qendror, prinderit dhe Bordin e shkolles, per pjesemarrjen ne organizimin. 8 Prill, Dita Nderkombetare e Romeve. &#8220;\u00c7do femije rom ne shkolle &#8220;. Te integrojme femijet rom\u00eb ne shkolla, te reduktojme braktisjen e shkolles, tu sigurojme &hellip;<\/p>\n<p class=\"read-more\"> <a class=\"\" href=\"https:\/\/zvavore.edu.al\/\"> <span class=\"screen-reader-text\">Koordinator i rrjetit Anti-korrupsion<\/span> Read More &raquo;<\/a><\/p>\n","protected":false},"author":1,"featured_media":0,"parent":0,"menu_order":0,"comment_status":"closed","ping_status":"closed","template":"","meta":{"site-sidebar-layout":"no-sidebar","site-content-layout":"content-boxed-container","ast-main-header-display":"","ast-hfb-above-header-display":"","ast-hfb-below-header-display":"","ast-hfb-mobile-header-display":"","site-post-title":"disabled","ast-breadcrumbs-content":"","ast-featured-img":"disabled","footer-sml-layout":"","theme-transparent-header-meta":"default","adv-header-id-meta":"","stick-header-meta":"","header-above-stick-meta":"","header-main-stick-meta":"","header-below-stick-meta":"","footnotes":""},"class_list":["post-7","page","type-page","status-publish","hentry"],"_links":{"self":[{"href":"https:\/\/zvavore.edu.al\/index.php\/wp-json\/wp\/v2\/pages\/7","targetHints":{"allow":["GET"]}}],"collection":[{"href":"https:\/\/zvavore.edu.al\/index.php\/wp-json\/wp\/v2\/pages"}],"about":[{"href":"https:\/\/zvavore.edu.al\/index.php\/wp-json\/wp\/v2\/types\/page"}],"author":[{"embeddable":true,"href":"https:\/\/zvavore.edu.al\/index.php\/wp-json\/wp\/v2\/users\/1"}],"replies":[{"embeddable":true,"href":"https:\/\/zvavore.edu.al\/index.php\/wp-json\/wp\/v2\/comments?post=7"}],"version-history":[{"count":39,"href":"https:\/\/zvavore.edu.al\/index.php\/wp-json\/wp\/v2\/pages\/7\/revisions"}],"predecessor-version":[{"id":272,"href":"https:\/\/zvavore.edu.al\/index.php\/wp-json\/wp\/v2\/pages\/7\/revisions\/272"}],"wp:attachment":[{"href":"https:\/\/zvavore.edu.al\/index.php\/wp-json\/wp\/v2\/media?parent=7"}],"curies":[{"name":"wp","href":"https:\/\/api.w.org\/{rel}","templated":true}]}}